{"id":965,"date":"2026-02-23T10:57:20","date_gmt":"2026-02-23T09:57:20","guid":{"rendered":"https:\/\/ceramicamontseartes.cat\/instalaciones\/"},"modified":"2026-03-04T17:50:01","modified_gmt":"2026-03-04T16:50:01","slug":"instalaciones","status":"publish","type":"page","link":"https:\/\/ceramicamontseartes.cat\/es\/instalaciones\/","title":{"rendered":"Instalaciones"},"content":{"rendered":"<div class=\"wpb-content-wrapper\"><p>[vc_section full_width=\u00bbstretch_row\u00bb css=\u00bb.vc_custom_1768547003684{padding-top: 160px !important;padding-bottom: 120px !important;}\u00bb conditional_render=\u00bb%5B%7B%22value_role%22%3A%22administrator%22%7D%5D\u00bb css_params=\u00bb\u00bb][vc_row animation_type=\u00bbfadeInUp\u00bb conditional_render=\u00bb%5B%7B%22value_role%22%3A%22administrator%22%7D%5D\u00bb css_params=\u00bb\u00bb css=\u00bb.vc_custom_1772195310355{margin-bottom: 50px !important;}\u00bb][vc_column width=\u00bb1\/2&#8243;][vc_custom_heading text=\u00bbCer\u00e1mica Montse Art\u00e9s\u00bb font_container=\u00bbtag:h1|font_size:4em|text_align:left|line_height:1.1em\u00bb use_theme_fonts=\u00bbyes\u00bb css=\u00bb.vc_custom_1768556015031{margin-bottom: 50px !important;border-bottom-width: 40px !important;padding-bottom: 5px !important;border-bottom-style: solid !important;border-color: var(&#8211;porto-secondary-color) !important;}\u00bb css_params=\u00bb\u00bb el_class=\u00bbmlh_h1&#8243;][vc_custom_heading text=\u00bbInstalaciones\u00bb font_container=\u00bbtag:h2|font_size:3.5em|text_align:left|line_height:1.1em\u00bb use_theme_fonts=\u00bbyes\u00bb css=\u00bb.vc_custom_1771843450965{margin-bottom: 50px !important;border-bottom-width: 40px !important;padding-bottom: 5px !important;border-bottom-style: solid !important;border-color: var(&#8211;porto-secondary-color) !important;}\u00bb css_params=\u00bb\u00bb][\/vc_column][vc_column width=\u00bb1\/2&#8243;][\/vc_column][\/vc_row][vc_row][vc_column animation_type=\u00bbfadeInUp\u00bb conditional_render=\u00bb%5B%7B%22value_role%22%3A%22administrator%22%7D%5D\u00bb css_params=\u00bb\u00bb][vc_custom_heading text=\u00bbUn mar de l\u00e1grimas &#8211; 2022&#8243; font_container=\u00bbtag:h3|font_size:1.6em|text_align:left|line_height:1.1em\u00bb use_theme_fonts=\u00bbyes\u00bb font_weight=\u00bb600&#8243; css_params=\u00bb\u00bb][\/vc_column][\/vc_row][vc_row css=\u00bb.vc_custom_1772194839716{margin-bottom: 20px !important;}\u00bb conditional_render=\u00bb%5B%7B%22value_role%22%3A%22administrator%22%7D%5D\u00bb css_params=\u00bb\u00bb animation_type=\u00bbfadeInUp\u00bb][vc_column width=\u00bb2\/3&#8243; css=\u00bb.vc_custom_1768811220131{porto_vc_design_option}\u00bb conditional_render=\u00bb%5B%7B%22value_role%22%3A%22administrator%22%7D%5D\u00bb css_params=\u00bb{\u00abcss_padding_bottom_md\u00ab:\u00ab20px\u00ab}\u00bb custom_css_response=\u00bb@media(max-width:767px){.vc_custom_1768811220131{padding-bottom:20px!important;}}\u00bb][vc_single_image image=\u00bb949&#8243; img_size=\u00bbfull\u00bb css=\u00bb\u00bb img_object=\u00bbcover\u00bb img_pos=\u00bbcenter center\u00bb css_params=\u00bb\u00bb img_width=\u00bb{\u00abxl\u00ab:\u00ab100\u00ab,\u00abunit\u00ab:\u00ab%\u00ab,\u00abxs\u00ab:\u00ab\u00ab,\u00absm\u00ab:\u00ab\u00ab,\u00abmd\u00ab:\u00ab\u00ab,\u00ablg\u00ab:\u00ab\u00ab}\u00bb img_height=\u00bb{\u00abxl\u00ab:\u00ab500\u00ab,\u00abunit\u00ab:\u00ab\u00ab,\u00abxs\u00ab:\u00ab\u00ab,\u00absm\u00ab:\u00ab\u00ab,\u00abmd\u00ab:\u00ab\u00ab,\u00ablg\u00ab:\u00ab\u00ab}\u00bb][\/vc_column][vc_column width=\u00bb1\/3&#8243;][vc_single_image image=\u00bb950&#8243; img_size=\u00bbfull\u00bb css=\u00bb\u00bb img_object=\u00bbcover\u00bb img_pos=\u00bbcenter center\u00bb css_params=\u00bb\u00bb img_width=\u00bb{\u00abxl\u00ab:\u00ab100\u00ab,\u00abunit\u00ab:\u00ab%\u00ab,\u00abxs\u00ab:\u00ab\u00ab,\u00absm\u00ab:\u00ab\u00ab,\u00abmd\u00ab:\u00ab\u00ab,\u00ablg\u00ab:\u00ab\u00ab}\u00bb img_height=\u00bb{\u00abxl\u00ab:\u00ab500\u00ab,\u00abunit\u00ab:\u00ab\u00ab,\u00abxs\u00ab:\u00ab\u00ab,\u00absm\u00ab:\u00ab\u00ab,\u00abmd\u00ab:\u00ab\u00ab,\u00ablg\u00ab:\u00ab\u00ab}\u00bb][\/vc_column][\/vc_row][vc_row animation_type=\u00bbfadeInUp\u00bb conditional_render=\u00bb%5B%7B%22value_role%22%3A%22administrator%22%7D%5D\u00bb css_params=\u00bb\u00bb][vc_column width=\u00bb1\/3&#8243; css=\u00bb.vc_custom_1768811274091{porto_vc_design_option}\u00bb conditional_render=\u00bb%5B%7B%22value_role%22%3A%22administrator%22%7D%5D\u00bb css_params=\u00bb{\u00abcss_padding_bottom_md\u00ab:\u00ab20px\u00ab}\u00bb custom_css_response=\u00bb@media(max-width:767px){.vc_custom_1768811274091{padding-bottom:20px!important;}}\u00bb][vc_single_image image=\u00bb951&#8243; img_size=\u00bb1800&#215;1350&#8243; css=\u00bb\u00bb img_object=\u00bbcover\u00bb img_pos=\u00bbcenter center\u00bb css_params=\u00bb\u00bb img_width=\u00bb{\u00abxl\u00ab:\u00ab100\u00ab,\u00abunit\u00ab:\u00ab%\u00ab,\u00abxs\u00ab:\u00ab\u00ab,\u00absm\u00ab:\u00ab\u00ab,\u00abmd\u00ab:\u00ab\u00ab,\u00ablg\u00ab:\u00ab\u00ab}\u00bb img_height=\u00bb{\u00abxl\u00ab:\u00ab535\u00ab,\u00abunit\u00ab:\u00ab\u00ab,\u00abxs\u00ab:\u00ab\u00ab,\u00absm\u00ab:\u00ab\u00ab,\u00abmd\u00ab:\u00ab\u00ab,\u00ablg\u00ab:\u00ab\u00ab}\u00bb][\/vc_column][vc_column width=\u00bb1\/3&#8243; css=\u00bb.vc_custom_1768811281223{porto_vc_design_option}\u00bb conditional_render=\u00bb%5B%7B%22value_role%22%3A%22administrator%22%7D%5D\u00bb css_params=\u00bb{\u00abcss_padding_bottom_md\u00ab:\u00ab20px\u00ab}\u00bb custom_css_response=\u00bb@media(max-width:767px){.vc_custom_1768811281223{padding-bottom:20px!important;}}\u00bb][vc_single_image image=\u00bb952&#8243; img_size=\u00bb1350&#215;1800&#8243; css=\u00bb\u00bb img_object=\u00bbcover\u00bb img_pos=\u00bbcenter center\u00bb css_params=\u00bb\u00bb img_width=\u00bb{\u00abxl\u00ab:\u00ab100\u00ab,\u00abunit\u00ab:\u00ab%\u00ab,\u00abxs\u00ab:\u00ab\u00ab,\u00absm\u00ab:\u00ab\u00ab,\u00abmd\u00ab:\u00ab\u00ab,\u00ablg\u00ab:\u00ab\u00ab}\u00bb img_height=\u00bb{\u00abxl\u00ab:\u00ab535\u00ab,\u00abunit\u00ab:\u00ab\u00ab,\u00abxs\u00ab:\u00ab\u00ab,\u00absm\u00ab:\u00ab\u00ab,\u00abmd\u00ab:\u00ab\u00ab,\u00ablg\u00ab:\u00ab\u00ab}\u00bb][\/vc_column][vc_column width=\u00bb1\/3&#8243;][vc_single_image image=\u00bb953&#8243; img_size=\u00bb1200&#215;1600&#8243; css=\u00bb\u00bb img_object=\u00bbcover\u00bb img_pos=\u00bbcenter center\u00bb css_params=\u00bb\u00bb img_width=\u00bb{\u00abxl\u00ab:\u00ab100\u00ab,\u00abunit\u00ab:\u00ab%\u00ab,\u00abxs\u00ab:\u00ab\u00ab,\u00absm\u00ab:\u00ab\u00ab,\u00abmd\u00ab:\u00ab\u00ab,\u00ablg\u00ab:\u00ab\u00ab}\u00bb img_height=\u00bb{\u00abxl\u00ab:\u00ab535\u00ab,\u00abunit\u00ab:\u00ab\u00ab,\u00abxs\u00ab:\u00ab\u00ab,\u00absm\u00ab:\u00ab\u00ab,\u00abmd\u00ab:\u00ab\u00ab,\u00ablg\u00ab:\u00ab\u00ab}\u00bb][\/vc_column][\/vc_row][\/vc_section][vc_section full_width=\u00bbstretch_row\u00bb el_class=\u00bbmlh_fullscreen_bg\u00bb css=\u00bb.vc_custom_1768549505772{padding-top: 290px !important;padding-bottom: 290px !important;background: #101010 url(https:\/\/ceramicamontseartes.cat\/wp-content\/uploads\/2023\/04\/banner-obra-1.jpg?id=425) !important;background-position: center !important;background-repeat: no-repeat !important;background-size: cover !important;}\u00bb conditional_render=\u00bb%5B%7B%22value_role%22%3A%22administrator%22%7D%5D\u00bb css_params=\u00bb\u00bb][vc_row][vc_column][\/vc_column][\/vc_row][\/vc_section][vc_section full_width=\u00bbstretch_row\u00bb css=\u00bb.vc_custom_1771842891928{padding-top: 120px !important;padding-bottom: 60px !important;}\u00bb conditional_render=\u00bb%5B%7B%22value_role%22%3A%22administrator%22%7D%5D\u00bb css_params=\u00bb\u00bb][vc_row][vc_column animation_type=\u00bbfadeInUp\u00bb conditional_render=\u00bb%5B%7B%22value_role%22%3A%22administrator%22%7D%5D\u00bb css_params=\u00bb\u00bb][vc_custom_heading text=\u00bbHuellas &#8211; 2015&#8243; font_container=\u00bbtag:h3|font_size:1.6em|text_align:left|line_height:1.1em\u00bb use_theme_fonts=\u00bbyes\u00bb font_weight=\u00bb600&#8243; css_params=\u00bb\u00bb][\/vc_column][\/vc_row][vc_row animation_type=\u00bbfadeInUp\u00bb conditional_render=\u00bb%5B%7B%22value_role%22%3A%22administrator%22%7D%5D\u00bb css_params=\u00bb\u00bb css=\u00bb.vc_custom_1771842015815{margin-bottom: 20px !important;}\u00bb][vc_column width=\u00bb1\/3&#8243; css=\u00bb.vc_custom_1768811228772{porto_vc_design_option}\u00bb conditional_render=\u00bb%5B%7B%22value_role%22%3A%22administrator%22%7D%5D\u00bb css_params=\u00bb{\u00abcss_padding_bottom_md\u00ab:\u00ab20px\u00ab}\u00bb custom_css_response=\u00bb@media(max-width:767px){.vc_custom_1768811228772{padding-bottom:20px!important;}}\u00bb][vc_single_image image=\u00bb954&#8243; img_size=\u00bb1800&#215;1350&#8243; css=\u00bb\u00bb img_object=\u00bbcover\u00bb img_pos=\u00bbcenter center\u00bb css_params=\u00bb\u00bb img_width=\u00bb{\u00abxl\u00ab:\u00ab100\u00ab,\u00abunit\u00ab:\u00ab%\u00ab,\u00abxs\u00ab:\u00ab\u00ab,\u00absm\u00ab:\u00ab\u00ab,\u00abmd\u00ab:\u00ab\u00ab,\u00ablg\u00ab:\u00ab\u00ab}\u00bb img_height=\u00bb{\u00abxl\u00ab:\u00ab400\u00ab,\u00abunit\u00ab:\u00ab\u00ab,\u00abxs\u00ab:\u00ab\u00ab,\u00absm\u00ab:\u00ab\u00ab,\u00abmd\u00ab:\u00ab\u00ab,\u00ablg\u00ab:\u00ab\u00ab}\u00bb][\/vc_column][vc_column width=\u00bb1\/3&#8243; css=\u00bb.vc_custom_1768811237812{porto_vc_design_option}\u00bb conditional_render=\u00bb%5B%7B%22value_role%22%3A%22administrator%22%7D%5D\u00bb css_params=\u00bb{\u00abcss_padding_bottom_md\u00ab:\u00ab20px\u00ab}\u00bb custom_css_response=\u00bb@media(max-width:767px){.vc_custom_1768811237812{padding-bottom:20px!important;}}\u00bb][vc_single_image image=\u00bb955&#8243; img_size=\u00bb1800&#215;1350&#8243; css=\u00bb\u00bb img_object=\u00bbcover\u00bb img_pos=\u00bbcenter center\u00bb css_params=\u00bb\u00bb img_width=\u00bb{\u00abxl\u00ab:\u00ab100\u00ab,\u00abunit\u00ab:\u00ab%\u00ab,\u00abxs\u00ab:\u00ab\u00ab,\u00absm\u00ab:\u00ab\u00ab,\u00abmd\u00ab:\u00ab\u00ab,\u00ablg\u00ab:\u00ab\u00ab}\u00bb img_height=\u00bb{\u00abxl\u00ab:\u00ab400\u00ab,\u00abunit\u00ab:\u00ab\u00ab,\u00abxs\u00ab:\u00ab\u00ab,\u00absm\u00ab:\u00ab\u00ab,\u00abmd\u00ab:\u00ab\u00ab,\u00ablg\u00ab:\u00ab\u00ab}\u00bb][\/vc_column][vc_column width=\u00bb1\/3&#8243;][vc_single_image image=\u00bb956&#8243; img_size=\u00bb1800&#215;1350&#8243; css=\u00bb\u00bb img_object=\u00bbcover\u00bb img_pos=\u00bbcenter left\u00bb css_params=\u00bb\u00bb img_width=\u00bb{\u00abxl\u00ab:\u00ab100\u00ab,\u00abunit\u00ab:\u00ab%\u00ab,\u00abxs\u00ab:\u00ab\u00ab,\u00absm\u00ab:\u00ab\u00ab,\u00abmd\u00ab:\u00ab\u00ab,\u00ablg\u00ab:\u00ab\u00ab}\u00bb img_height=\u00bb{\u00abxl\u00ab:\u00ab400\u00ab,\u00abunit\u00ab:\u00ab\u00ab,\u00abxs\u00ab:\u00ab\u00ab,\u00absm\u00ab:\u00ab\u00ab,\u00abmd\u00ab:\u00ab\u00ab,\u00ablg\u00ab:\u00ab\u00ab}\u00bb][\/vc_column][\/vc_row][vc_row animation_type=\u00bbfadeInUp\u00bb conditional_render=\u00bb%5B%7B%22value_role%22%3A%22administrator%22%7D%5D\u00bb css_params=\u00bb\u00bb][vc_column width=\u00bb1\/3&#8243; css=\u00bb.vc_custom_1768811228772{porto_vc_design_option}\u00bb conditional_render=\u00bb%5B%7B%22value_role%22%3A%22administrator%22%7D%5D\u00bb css_params=\u00bb{\u00abcss_padding_bottom_md\u00ab:\u00ab20px\u00ab}\u00bb custom_css_response=\u00bb@media(max-width:767px){.vc_custom_1768811228772{padding-bottom:20px!important;}}\u00bb][vc_single_image image=\u00bb957&#8243; img_size=\u00bb960&#215;1280&#8243; css=\u00bb\u00bb img_object=\u00bbcover\u00bb img_pos=\u00bbcenter center\u00bb css_params=\u00bb\u00bb img_width=\u00bb{\u00abxl\u00ab:\u00ab100\u00ab,\u00abunit\u00ab:\u00ab%\u00ab,\u00abxs\u00ab:\u00ab\u00ab,\u00absm\u00ab:\u00ab\u00ab,\u00abmd\u00ab:\u00ab\u00ab,\u00ablg\u00ab:\u00ab\u00ab}\u00bb img_height=\u00bb{\u00abxl\u00ab:\u00ab500\u00ab,\u00abunit\u00ab:\u00ab\u00ab,\u00abxs\u00ab:\u00ab\u00ab,\u00absm\u00ab:\u00ab\u00ab,\u00abmd\u00ab:\u00ab\u00ab,\u00ablg\u00ab:\u00ab\u00ab}\u00bb][\/vc_column][vc_column width=\u00bb1\/3&#8243; css=\u00bb.vc_custom_1768811237812{porto_vc_design_option}\u00bb conditional_render=\u00bb%5B%7B%22value_role%22%3A%22administrator%22%7D%5D\u00bb css_params=\u00bb{\u00abcss_padding_bottom_md\u00ab:\u00ab20px\u00ab}\u00bb custom_css_response=\u00bb@media(max-width:767px){.vc_custom_1768811237812{padding-bottom:20px!important;}}\u00bb][vc_single_image image=\u00bb958&#8243; img_size=\u00bbfull\u00bb css=\u00bb\u00bb img_object=\u00bbcover\u00bb img_pos=\u00bbcenter right\u00bb css_params=\u00bb\u00bb img_width=\u00bb{\u00abxl\u00ab:\u00ab100\u00ab,\u00abunit\u00ab:\u00ab%\u00ab,\u00abxs\u00ab:\u00ab\u00ab,\u00absm\u00ab:\u00ab\u00ab,\u00abmd\u00ab:\u00ab\u00ab,\u00ablg\u00ab:\u00ab\u00ab}\u00bb img_height=\u00bb{\u00abxl\u00ab:\u00ab500\u00ab,\u00abunit\u00ab:\u00ab\u00ab,\u00abxs\u00ab:\u00ab\u00ab,\u00absm\u00ab:\u00ab\u00ab,\u00abmd\u00ab:\u00ab\u00ab,\u00ablg\u00ab:\u00ab\u00ab}\u00bb][\/vc_column][vc_column width=\u00bb1\/3&#8243;][vc_single_image image=\u00bb959&#8243; img_size=\u00bb1350&#215;1800&#8243; css=\u00bb\u00bb img_object=\u00bbcover\u00bb img_pos=\u00bbcenter center\u00bb css_params=\u00bb\u00bb img_width=\u00bb{\u00abxl\u00ab:\u00ab100\u00ab,\u00abunit\u00ab:\u00ab%\u00ab,\u00abxs\u00ab:\u00ab\u00ab,\u00absm\u00ab:\u00ab\u00ab,\u00abmd\u00ab:\u00ab\u00ab,\u00ablg\u00ab:\u00ab\u00ab}\u00bb img_height=\u00bb{\u00abxl\u00ab:\u00ab500\u00ab,\u00abunit\u00ab:\u00ab\u00ab,\u00abxs\u00ab:\u00ab\u00ab,\u00absm\u00ab:\u00ab\u00ab,\u00abmd\u00ab:\u00ab\u00ab,\u00ablg\u00ab:\u00ab\u00ab}\u00bb][\/vc_column][\/vc_row][\/vc_section][vc_section full_width=\u00bbstretch_row\u00bb css=\u00bb.vc_custom_1771842899106{padding-top: 60px !important;padding-bottom: 50px !important;}\u00bb conditional_render=\u00bb%5B%7B%22value_role%22%3A%22administrator%22%7D%5D\u00bb css_params=\u00bb\u00bb][vc_row][vc_column animation_type=\u00bbfadeInUp\u00bb conditional_render=\u00bb%5B%7B%22value_role%22%3A%22administrator%22%7D%5D\u00bb css_params=\u00bb\u00bb][vc_custom_heading text=\u00bb172 N P LL &#8211; 2019&#8243; font_container=\u00bbtag:h3|font_size:1.6em|text_align:left|line_height:1.1em\u00bb use_theme_fonts=\u00bbyes\u00bb font_weight=\u00bb600&#8243; css_params=\u00bb\u00bb][\/vc_column][\/vc_row][vc_row css=\u00bb.vc_custom_1768816565757{margin-bottom: 20px !important;}\u00bb conditional_render=\u00bb%5B%7B%22value_role%22%3A%22administrator%22%7D%5D\u00bb css_params=\u00bb\u00bb animation_type=\u00bbfadeInUp\u00bb][vc_column width=\u00bb1\/3&#8243; css=\u00bb.vc_custom_1768811295316{porto_vc_design_option}\u00bb conditional_render=\u00bb%5B%7B%22value_role%22%3A%22administrator%22%7D%5D\u00bb css_params=\u00bb{\u00abcss_padding_bottom_md\u00ab:\u00ab20px\u00ab}\u00bb custom_css_response=\u00bb@media(max-width:767px){.vc_custom_1768811295316{padding-bottom:20px!important;}}\u00bb][vc_single_image image=\u00bb960&#8243; img_size=\u00bb1600&#215;1068&#8243; css=\u00bb\u00bb img_object=\u00bbcover\u00bb img_pos=\u00bbcenter center\u00bb css_params=\u00bb\u00bb img_width=\u00bb{\u00abxl\u00ab:\u00ab100\u00ab,\u00abunit\u00ab:\u00ab%\u00ab,\u00abxs\u00ab:\u00ab\u00ab,\u00absm\u00ab:\u00ab\u00ab,\u00abmd\u00ab:\u00ab\u00ab,\u00ablg\u00ab:\u00ab\u00ab}\u00bb img_height=\u00bb{\u00abxl\u00ab:\u00ab500\u00ab,\u00abunit\u00ab:\u00ab\u00ab,\u00abxs\u00ab:\u00ab\u00ab,\u00absm\u00ab:\u00ab\u00ab,\u00abmd\u00ab:\u00ab\u00ab,\u00ablg\u00ab:\u00ab\u00ab}\u00bb][\/vc_column][vc_column width=\u00bb2\/3&#8243; conditional_render=\u00bb%5B%7B%22value_role%22%3A%22administrator%22%7D%5D\u00bb css_params=\u00bb\u00bb custom_css_response=\u00bb@media(max-width:767px){.vc_custom_1768811305955{padding-bottom:20px!important;}}\u00bb][vc_single_image image=\u00bb961&#8243; img_size=\u00bb1600&#215;1032&#8243; css=\u00bb\u00bb img_object=\u00bbcover\u00bb img_pos=\u00bbcenter center\u00bb css_params=\u00bb\u00bb img_width=\u00bb{\u00abxl\u00ab:\u00ab100\u00ab,\u00abunit\u00ab:\u00ab%\u00ab,\u00abxs\u00ab:\u00ab\u00ab,\u00absm\u00ab:\u00ab\u00ab,\u00abmd\u00ab:\u00ab\u00ab,\u00ablg\u00ab:\u00ab\u00ab}\u00bb img_height=\u00bb{\u00abxl\u00ab:\u00ab500\u00ab,\u00abunit\u00ab:\u00ab\u00ab,\u00abxs\u00ab:\u00ab\u00ab,\u00absm\u00ab:\u00ab\u00ab,\u00abmd\u00ab:\u00ab\u00ab,\u00ablg\u00ab:\u00ab\u00ab}\u00bb][\/vc_column][\/vc_row][\/vc_section][vc_section full_width=\u00bbstretch_row\u00bb css=\u00bb.vc_custom_1771842899106{padding-top: 60px !important;padding-bottom: 50px !important;}\u00bb conditional_render=\u00bb%5B%7B%22value_role%22%3A%22administrator%22%7D%5D\u00bb css_params=\u00bb\u00bb][vc_row][vc_column animation_type=\u00bbfadeInUp\u00bb conditional_render=\u00bb%5B%7B%22value_role%22%3A%22administrator%22%7D%5D\u00bb css_params=\u00bb\u00bb][vc_custom_heading text=\u00bbCortina de almas &#8211; 2023&#8243; font_container=\u00bbtag:h3|font_size:1.6em|text_align:left|line_height:1.1em\u00bb use_theme_fonts=\u00bbyes\u00bb font_weight=\u00bb600&#8243; css_params=\u00bb\u00bb][\/vc_column][\/vc_row][vc_row conditional_render=\u00bb%5B%7B%22value_role%22%3A%22administrator%22%7D%5D\u00bb css_params=\u00bb\u00bb animation_type=\u00bbfadeInUp\u00bb][vc_column width=\u00bb1\/3&#8243; css=\u00bb.vc_custom_1768811313149{porto_vc_design_option}\u00bb conditional_render=\u00bb%5B%7B%22value_role%22%3A%22administrator%22%7D%5D\u00bb css_params=\u00bb{\u00abcss_padding_bottom_md\u00ab:\u00ab20px\u00ab}\u00bb custom_css_response=\u00bb@media(max-width:767px){.vc_custom_1768811313149{padding-bottom:20px!important;}}\u00bb][vc_single_image image=\u00bb962&#8243; img_size=\u00bbfull\u00bb css=\u00bb\u00bb img_object=\u00bbcover\u00bb img_pos=\u00bbcenter center\u00bb css_params=\u00bb\u00bb img_width=\u00bb{\u00abxl\u00ab:\u00ab100\u00ab,\u00abunit\u00ab:\u00ab%\u00ab,\u00abxs\u00ab:\u00ab\u00ab,\u00absm\u00ab:\u00ab\u00ab,\u00abmd\u00ab:\u00ab\u00ab,\u00ablg\u00ab:\u00ab\u00ab}\u00bb img_height=\u00bb{\u00abxl\u00ab:\u00ab500\u00ab,\u00abunit\u00ab:\u00ab\u00ab,\u00abxs\u00ab:\u00ab\u00ab,\u00absm\u00ab:\u00ab\u00ab,\u00abmd\u00ab:\u00ab\u00ab,\u00ablg\u00ab:\u00ab\u00ab}\u00bb][\/vc_column][vc_column width=\u00bb1\/3&#8243; css=\u00bb.vc_custom_1768811323995{porto_vc_design_option}\u00bb conditional_render=\u00bb%5B%7B%22value_role%22%3A%22administrator%22%7D%5D\u00bb css_params=\u00bb{\u00abcss_padding_bottom_md\u00ab:\u00ab20px\u00ab}\u00bb custom_css_response=\u00bb@media(max-width:767px){.vc_custom_1768811323995{padding-bottom:20px!important;}}\u00bb][vc_single_image image=\u00bb963&#8243; img_size=\u00bbfull\u00bb css=\u00bb\u00bb img_object=\u00bbcover\u00bb img_pos=\u00bbcenter center\u00bb css_params=\u00bb\u00bb img_width=\u00bb{\u00abxl\u00ab:\u00ab100\u00ab,\u00abunit\u00ab:\u00ab%\u00ab,\u00abxs\u00ab:\u00ab\u00ab,\u00absm\u00ab:\u00ab\u00ab,\u00abmd\u00ab:\u00ab\u00ab,\u00ablg\u00ab:\u00ab\u00ab}\u00bb img_height=\u00bb{\u00abxl\u00ab:\u00ab500\u00ab,\u00abunit\u00ab:\u00ab\u00ab,\u00abxs\u00ab:\u00ab\u00ab,\u00absm\u00ab:\u00ab\u00ab,\u00abmd\u00ab:\u00ab\u00ab,\u00ablg\u00ab:\u00ab\u00ab}\u00bb][\/vc_column][vc_column width=\u00bb1\/3&#8243;][vc_single_image image=\u00bb964&#8243; img_size=\u00bb1350&#215;1800&#8243; css=\u00bb\u00bb img_object=\u00bbcover\u00bb img_pos=\u00bbcenter center\u00bb css_params=\u00bb\u00bb img_width=\u00bb{\u00abxl\u00ab:\u00ab100\u00ab,\u00abunit\u00ab:\u00ab%\u00ab,\u00abxs\u00ab:\u00ab\u00ab,\u00absm\u00ab:\u00ab\u00ab,\u00abmd\u00ab:\u00ab\u00ab,\u00ablg\u00ab:\u00ab\u00ab}\u00bb img_height=\u00bb{\u00abxl\u00ab:\u00ab500\u00ab,\u00abunit\u00ab:\u00ab\u00ab,\u00abxs\u00ab:\u00ab\u00ab,\u00absm\u00ab:\u00ab\u00ab,\u00abmd\u00ab:\u00ab\u00ab,\u00ablg\u00ab:\u00ab\u00ab}\u00bb][\/vc_column][\/vc_row][\/vc_section][vc_section full_width=\u00bbstretch_row\u00bb css=\u00bb.vc_custom_1768309680431{padding-top: 0px !important;}\u00bb conditional_render=\u00bb%5B%7B%22value_role%22%3A%22administrator%22%7D%5D\u00bb css_params=\u00bb\u00bb][vc_row][vc_column]<div class=\"porto-block\" data-id=\"934\"><style>.vc_custom_1768301008791{padding-top: 30px !important;padding-bottom: 30px !important;}.vc_custom_1768559566461{margin-bottom: 4px !important;}<\/style>[vc_row gap=\"35\" content_placement=\"middle\" conditional_render=\"%5B%7B%22value_role%22%3A%22administrator%22%7D%5D\" css_params=\"\" css=\".vc_custom_1768301008791{padding-top: 30px !important;padding-bottom: 30px !important;}\"][vc_column width=\"1\/3\"][\/vc_column][vc_column width=\"1\/3\"][vc_custom_heading text=\"Montse Art\u00e9s\" font_container=\"tag:div|text_align:center|color:%230a0a0a\" use_theme_fonts=\"yes\" css=\".vc_custom_1768559566461{margin-bottom: 4px !important;}\" font_weight=\"600\" letter_spacing=\"-1px\" css_params=\"\"][vc_custom_heading text=\"666 266 302\" font_container=\"tag:div|font_size:0.9em|text_align:center|line_height:1.3em\" use_theme_fonts=\"yes\" letter_spacing=\"-1px\" css_params=\"\"][vc_custom_heading text=\"montseartes@hotmail.com\" font_container=\"tag:div|font_size:0.9em|text_align:center|line_height:1.3em\" use_theme_fonts=\"yes\" letter_spacing=\"-1px\" css_params=\"\"][vc_custom_heading text=\"Molins de Rei\" font_container=\"tag:div|font_size:0.9em|text_align:center|line_height:1.3em\" use_theme_fonts=\"yes\" letter_spacing=\"-1px\" css_params=\"\" link=\"url:https%3A%2F%2Fmaps.app.goo.gl%2Fw8ALSdvn8Ey2AQss5|target:_blank|\"][\/vc_column][vc_column width=\"1\/3\"][\/vc_column][\/vc_row]<\/div>[\/vc_column][\/vc_row][\/vc_section]<\/p>\n<\/div>","protected":false},"excerpt":{"rendered":"<p>[vc_section full_width=\u00bbstretch_row\u00bb css=\u00bb.vc_custom_1768547003684{padding-top: 160px !important;padding-bottom: 120px !important;}\u00bb conditional_render=\u00bb%5B%7B%22value_role%22%3A%22administrator%22%7D%5D\u00bb css_params=\u00bb\u00bb][vc_row animation_type=\u00bbfadeInUp\u00bb conditional_render=\u00bb%5B%7B%22value_role%22%3A%22administrator%22%7D%5D\u00bb css_params=\u00bb\u00bb css=\u00bb.vc_custom_1772195310355{margin-bottom: 50px !important;}\u00bb][vc_column width=\u00bb1\/2&#8243;][vc_custom_heading text=\u00bbCer\u00e1mica Montse Art\u00e9s\u00bb font_container=\u00bbtag:h1|font_size:4em|text_align:left|line_height:1.1em\u00bb use_theme_fonts=\u00bbyes\u00bb css=\u00bb.vc_custom_1768556015031{margin-bottom: 50px !important;border-bottom-width: 40px !important;padding-bottom: 5px !important;border-bottom-style: solid !important;border-color: var(&#8211;porto-secondary-color) !important;}\u00bb css_params=\u00bb\u00bb el_class=\u00bbmlh_h1&#8243;][vc_custom_heading text=\u00bbInstalaciones\u00bb font_container=\u00bbtag:h2|font_size:3.5em|text_align:left|line_height:1.1em\u00bb use_theme_fonts=\u00bbyes\u00bb css=\u00bb.vc_custom_1771843450965{margin-bottom: 50px !important;border-bottom-width: 40px !important;padding-bottom: 5px !important;border-bottom-style: solid !important;border-color: var(&#8211;porto-secondary-color) !important;}\u00bb css_params=\u00bb\u00bb][\/vc_column][vc_column width=\u00bb1\/2&#8243;][\/vc_column][\/vc_row][vc_row][vc_column animation_type=\u00bbfadeInUp\u00bb conditional_render=\u00bb%5B%7B%22value_role%22%3A%22administrator%22%7D%5D\u00bb css_params=\u00bb\u00bb][vc_custom_heading text=\u00bbUn mar [&hellip;]<\/p>\n","protected":false},"author":5,"featured_media":0,"parent":0,"menu_order":0,"comment_status":"closed","ping_status":"closed","template":"","meta":{"_seopress_robots_primary_cat":"","_seopress_titles_title":"%%sitetitle%% %%sep%% %%post_title%%","_seopress_titles_desc":"Instalaciones e intervenciones art\u00edsticas en cer\u00e1mica de Montse Art\u00e9s. El arte de la cer\u00e1mica aplicado a espacios y exposiciones \u00fanicas.","_seopress_robots_index":"","footnotes":""},"class_list":["post-965","page","type-page","status-publish","hentry"],"_links":{"self":[{"href":"https:\/\/ceramicamontseartes.cat\/es\/wp-json\/wp\/v2\/pages\/965","targetHints":{"allow":["GET"]}}],"collection":[{"href":"https:\/\/ceramicamontseartes.cat\/es\/wp-json\/wp\/v2\/pages"}],"about":[{"href":"https:\/\/ceramicamontseartes.cat\/es\/wp-json\/wp\/v2\/types\/page"}],"author":[{"embeddable":true,"href":"https:\/\/ceramicamontseartes.cat\/es\/wp-json\/wp\/v2\/users\/5"}],"replies":[{"embeddable":true,"href":"https:\/\/ceramicamontseartes.cat\/es\/wp-json\/wp\/v2\/comments?post=965"}],"version-history":[{"count":2,"href":"https:\/\/ceramicamontseartes.cat\/es\/wp-json\/wp\/v2\/pages\/965\/revisions"}],"predecessor-version":[{"id":968,"href":"https:\/\/ceramicamontseartes.cat\/es\/wp-json\/wp\/v2\/pages\/965\/revisions\/968"}],"wp:attachment":[{"href":"https:\/\/ceramicamontseartes.cat\/es\/wp-json\/wp\/v2\/media?parent=965"}],"curies":[{"name":"wp","href":"https:\/\/api.w.org\/{rel}","templated":true}]}}