{"id":918,"date":"2022-05-02T14:23:29","date_gmt":"2022-05-02T13:23:29","guid":{"rendered":"https:\/\/ceramicamontseartes.cat\/politica-de-privacidad-y-aviso-legal\/"},"modified":"2026-03-09T16:47:40","modified_gmt":"2026-03-09T15:47:40","slug":"politica-de-privacidad-y-aviso-legal","status":"publish","type":"page","link":"https:\/\/ceramicamontseartes.cat\/es\/politica-de-privacidad-y-aviso-legal\/","title":{"rendered":"Pol\u00edtica de privacidad y aviso legal"},"content":{"rendered":"<div class=\"wpb-content-wrapper\"><p>[vc_row conditional_render=\u00bb%5B%7B%22value_role%22%3A%22administrator%22%7D%5D\u00bb css=\u00bb.vc_custom_1773071215939{padding-top: 120px !important;}\u00bb css_params=\u00bb\u00bb][vc_column][vc_custom_heading text=\u00bbPol\u00edtica de Privacidad y Aviso Legal\u00bb font_container=\u00bbtag:h1|font_size:3em|text_align:left|line_height:1.1em\u00bb use_theme_fonts=\u00bbyes\u00bb css=\u00bb.vc_custom_1773068180426{margin-bottom: 50px !important;border-bottom-width: 40px !important;padding-bottom: 8px !important;border-color: var(&#8211;porto-secondary-color) !important;}\u00bb css_params=\u00bb\u00bb el_class=\u00bbmlh_h1&#8243;][vc_empty_space height=\u00bb50px\u00bb][vc_column_text css=\u00bb\u00bb css_params=\u00bb\u00bb]<\/p>\n<h2 style=\"text-align: center;\">POL\u00cdTICA DE PRIVACIDAD Y AVISO LEGAL<\/h2>\n<h2 style=\"text-align: center;\"><strong>I. POL\u00cdTICA DE PRIVACIDAD<\/strong><\/h2>\n<p>En cumplimiento del REGLAMENTO (UE) 2016\/679 DEL PARLAMENTO EUROPEO Y DEL CONSEJO de 27 de Abril de 2016, relativo a la protecci\u00f3n de las personas f\u00edsicas en lo que respecta al tratamiento de datos personales y a la libre circulaci\u00f3n de estos datos, y de la Ley Org\u00e1nica 3\/2018, de 5 de diciembre, de Protecci\u00f3n de Datos Personales y garant\u00eda de los derechos digitales, se le informa que los datos personales proporcionados por usted a trav\u00e9s del sitio web ceramicamontseartes.cat (en adelante el sitio web), ser\u00e1n tratados en los siguientes t\u00e9rminos:<\/p>\n<p><strong>Responsable del tratamiento<br \/>\n<\/strong>Los datos personales recabados a trav\u00e9s de este sitio web ser\u00e1n tratados por MONTSERRAT ARTES CORNELLAS, con domicilio para el ejercicio de derechos en CL. ANGEL GUIMERA, 2 &#8211; 08750 MOLINS DE REI (Barcelona). E-mail: montseartes@hotmail.com.<\/p>\n<p><strong>Finalidades del tratamiento<\/strong><\/p>\n<ul>\n<li>Informarle acerca de nuestros productos y servicios, cuando as\u00ed lo solicite a trav\u00e9s de los formularios del sitio web o por correo electr\u00f3nico.<\/li>\n<li>Dar contestaci\u00f3n y gestionar sus consultas, comentarios y sugerencias, en su caso.<\/li>\n<li>Gestionar su participaci\u00f3n en presentes y futuros procesos de selecci\u00f3n, cuando nos haga llegar sus datos (incluido su curr\u00edculo) con dicha finalidad.<\/li>\n<li>Con la finalidad de obtener informaci\u00f3n del uso del sitio web, se analizan el n\u00famero de p\u00e1ginas visitadas, el n\u00famero de visitas, as\u00ed como la actividad de los visitantes y su frecuencia de utilizaci\u00f3n. A estos efectos, el RESPONSABLE utiliza informaci\u00f3n estad\u00edstica elaborada por el Proveedor de Servicios de Internet que no permite identificar al interesado en ning\u00fan momento.<\/li>\n<\/ul>\n<p><strong>Legitimaci\u00f3n<\/strong><br \/>\n<span style=\"text-decoration: underline;\">Consentimiento<\/span>. Los datos personales obtenidos a trav\u00e9s de los formularios del sitio web ser\u00e1n tratados \u00fanicamente en base al consentimiento otorgado por el interesado, a trav\u00e9s de la aceptaci\u00f3n de la casilla dispuesta para tal fin. Este consentimiento puede ser retirado en cualquier momento.<\/p>\n<p><span style=\"text-decoration: underline;\">Inter\u00e9s leg\u00edtimo del responsable<\/span>. La informaci\u00f3n estad\u00edstica obtenida del sitio web ser\u00e1 tratada en base al inter\u00e9s leg\u00edtimo del responsable. Esta informaci\u00f3n no permite identificar al usuario.<\/p>\n<p><strong>Destinatarios<\/strong><br \/>\nLos datos personales obtenidos a trav\u00e9s del sitio web no ser\u00e1n comunicados a terceros, salvo obligaci\u00f3n legal.<\/p>\n<p><strong>Conservaci\u00f3n<\/strong><br \/>\nLos datos personales facilitados por el usuario para recibir comunicaciones comerciales, ser\u00e1n conservados mientras el interesado no solicite su supresi\u00f3n o retire su consentimiento.<\/p>\n<p>Cuando el usuario env\u00ede sus datos personales para participar en procesos de selecci\u00f3n del RESPONSABLE, los datos ser\u00e1n tratados para participar en presentes procesos de selecci\u00f3n, y si no fuera seleccionado, se conservar\u00e1n sus datos personales durante un periodo de dos a\u00f1os con el fin de poder contar con su participaci\u00f3n en futuros procesos.<\/p>\n<p>Cuando el usuario env\u00ede sus datos para contactar con el RESPONSABLE, realizar consultas o sugerencias, los datos se conservar\u00e1n mientras sea necesario para tal fin y puedan derivarse responsabilidades del tratamiento.<\/p>\n<p>Datos de tr\u00e1fico, estad\u00edsticos y visitas web: los datos ser\u00e1n conservados durante el plazo de tres a\u00f1os.<\/p>\n<p><strong>Derechos<\/strong><br \/>\nPuede ejercer sus derechos de acceso, rectificaci\u00f3n, supresi\u00f3n y portabilidad de sus datos, de limitaci\u00f3n y oposici\u00f3n a su tratamiento, mediante escrito dirigido a MONTSERRAT ARTES CORNELLAS CL. ANGEL GUIMERA, 2 &#8211; 08750 MOLINS DE REI (Barcelona). E-mail: montseartes@hotmail.com. En caso de disconformidad con el tratamiento, tambi\u00e9n tiene derecho a presentar una reclamaci\u00f3n ante la Agencia Espa\u00f1ola de Protecci\u00f3n de Datos (www.aepd.es).<\/p>\n<p><strong>Pol\u00edtica de protecci\u00f3n de menores<\/strong><br \/>\nQuien facilita los datos a trav\u00e9s de los formularios de esta Web y acepta su tratamiento declara formalmente ser mayor de 14 a\u00f1os.<\/p>\n<p>Queda prohibido el acceso y uso del portal a los menores de 14 a\u00f1os de edad.<\/p>\n<p>El RESPONSABLE recuerda a las personas mayores de edad que tengan a su cargo menores, que ser\u00e1 de su exclusiva responsabilidad si alg\u00fan menor incorpora sus datos para solicitar alg\u00fan producto.<\/p>\n<p>Tambi\u00e9n les informa que existen programas inform\u00e1ticos para acotar la navegaci\u00f3n mediante el filtro o bloqueo a determinados contenidos.<\/p>\n<p><strong>Tratamiento derivado del uso de las redes sociales<\/strong><br \/>\nAl seguir nuestro perfil en las redes sociales consiente expresamente el tratamiento de sus datos personales conforme a la pol\u00edtica de privacidad de la correspondiente red social. Igualmente, consiente expresamente el acceso del RESPONSABLE al tratamiento de sus datos contenidos en su perfil y que las noticias publicadas sobre cualquier producto del RESPONSABLE aparezcan en su muro. Su petici\u00f3n para conectar, implica necesariamente su consentimiento para los tratamientos se\u00f1alados, siendo esta la base legal del tratamiento. Los datos se conservar\u00e1n mientras el interesado no solicite su oposici\u00f3n o retire su consentimiento, pudiendo retirar este en cualquier momento.<\/p>\n<p>Los comentarios y contenidos publicados en las redes sociales se convertir\u00e1n en informaci\u00f3n p\u00fablica, por lo que los usuarios deber\u00e1n tener especial cautela cuando decidan compartir su informaci\u00f3n personal. El RESPONSABLE no se hace responsable por la informaci\u00f3n que los usuarios incorporen en la p\u00e1gina. No obstante, las personas cuyos datos personales se encuentren publicados o est\u00e9n incluidos en comentarios, podr\u00e1n solicitar al RESPONSABLE la cancelaci\u00f3n de los mismos.<\/p>\n<p>&nbsp;[\/vc_column_text][vc_empty_space height=\u00bb25px\u00bb css_params=\u00bb\u00bb][vc_column_text css=\u00bb\u00bb css_params=\u00bb\u00bb]<\/p>\n<h2>POL\u00cdTICA DE PRIVACIDAD REDES SOCIALES<\/h2>\n<h3><strong>1. INFORMACI\u00d3N AL USUARIO<\/strong><\/h3>\n<p><strong>\u00bfQui\u00e9n es el responsable del tratamiento de tus datos personales?<\/strong><\/p>\n<p>MONTSERRAT ARTES CORNELLAS., en adelante, RESPONSABLE, informa al USUARIO de que ha procedido a crear un perfil en Instagram, que es el responsable del tratamiento de los datos personales del usuario que se lleve a cabo en dichas redes sociales y le informa de que estos datos ser\u00e1n tratados de conformidad con lo dispuesto en el Reglamento (UE) 2016\/679, de 27 de abril (RGPD), y la Ley Org\u00e1nica 3\/2018, de 5 de diciembre (LOPDGDD), por lo que se le facilita la siguiente informaci\u00f3n del tratamiento:<\/p>\n<p><strong>\u00bfPara qu\u00e9 tratamos tus datos personales?<\/strong><br \/>\nFin del tratamiento: mantener una relaci\u00f3n entre el USUARIO y el RESPONSABLE que puede incluir las siguientes operaciones:<\/p>\n<ul>\n<li>Tramitar solicitudes y consultas planteadas al responsable<\/li>\n<li>Informar sobre actividades y eventos organizados por el responsable<\/li>\n<li>Informar sobre productos o servicios ofrecidos por el responsable<\/li>\n<li>Interactuar a trav\u00e9s de los perfiles oficiales<\/li>\n<\/ul>\n<p><strong>\u00bfPor qu\u00e9 motivo podemos tratar tus datos personales?<\/strong><\/p>\n<p><strong>Base jur\u00eddica del tratamiento:<\/strong> art\u00edculo 6.1.a RGPD, el interesado ha dado su consentimiento para el tratamiento de sus datos personales para uno o varios fines espec\u00edficos. El USUARIO dispone de un perfil en la misma red social y ha decidido unirse a la red social del RESPONSABLE mostrando as\u00ed inter\u00e9s en la informaci\u00f3n que se publique en la misma, por tanto, en el momento de solicitar seguir nuestros perfiles oficiales, nos facilita su consentimiento para el tratamiento de aquellos datos personales publicados en su perfil.<\/p>\n<p>El USUARIO puede acceder en todo momento a las pol\u00edticas de privacidad de la propia red social, as\u00ed como configurar su perfil para garantizar su privacidad.<\/p>\n<p>El RESPONSABLE tiene acceso y trata aquella informaci\u00f3n p\u00fablica del USUARIO, en especial, su nombre de contacto. Estos datos solo son utilizados dentro de la propia red social y \u00fanicamente se incorporar\u00e1n a un fichero del RESPONSABLE cuando sea necesario para tramitar la petici\u00f3n del USUARIO.<\/p>\n<p>\u00bfDurante cu\u00e1nto tiempo guardaremos tus datos personales?<\/p>\n<p>Criterios de conservaci\u00f3n de los datos: se conservar\u00e1n mientras el USUARIO no revoque el consentimiento prestado tal y como se indica en esta pol\u00edtica de privacidad.<\/p>\n<p><strong>\u00bfA qui\u00e9n facilitamos tus datos personales?<\/strong><\/p>\n<p>Comunicaci\u00f3n de los datos: la informaci\u00f3n facilitada por el USUARIO a trav\u00e9s de las redes sociales del RESPONSABLE, incluidos sus datos personales, puede ser publicada, siempre en funci\u00f3n de los servicios que el USUARIO utilice, por lo que podr\u00e1 quedar a disposici\u00f3n p\u00fablica de otros terceros usuarios de las redes sociales. Desde el perfil de cada red social, el USUARIO puede configurar qu\u00e9 informaci\u00f3n quiere<br \/>\nhacer p\u00fablica en cada caso, ver los permisos que se han concedido, eliminarlos o desactivarlos, como cualquier aplicaci\u00f3n de un tercero que ya no se desea utilizar.<\/p>\n<p>No est\u00e1 prevista ninguna comunicaci\u00f3n de datos personales a terceros fuera de la red social salvo, si fuese imprescindible para el desarrollo y ejecuci\u00f3n de las finalidades del tratamiento, a nuestros proveedores de servicios relacionados con comunicaciones, con los cuales el RESPONSABLE tiene suscritos los contratos de confidencialidad y de encargado de tratamiento exigidos por la normativa<br \/>\nvigente de privacidad.<\/p>\n<p><strong>\u00bfCu\u00e1les son tus derechos?<\/strong><\/p>\n<p><strong>Derechos que asisten al USUARIO:<\/strong> solo podr\u00e1n satisfacerse en relaci\u00f3n a aquella informaci\u00f3n que se encuentre bajo el control del RESPONSABLE.<\/p>\n<ul>\n<li>Derecho a retirar el consentimiento en cualquier momento<\/li>\n<li>Derecho de acceso, rectificaci\u00f3n, portabilidad y supresi\u00f3n de sus datos, y de limitaci\u00f3n u oposici\u00f3n a su tratamiento<\/li>\n<li>Derecho a presentar una reclamaci\u00f3n ante la autoridad de control (www.aepd.es) si considera que el tratamiento no se ajusta a la normativa vigente<\/li>\n<\/ul>\n<p>Datos de contacto para ejercer sus derechos:<br \/>\nMONTSERRAT ARTES CORNELLAS &#8211; CL. ANGEL GUIMERA, 2 &#8211; 08750 &#8211; MOLINS DE REI (Barcelona). E-mail: montseartes@hotmail.com.<\/p>\n<h3>2. UTILIZACI\u00d3N DEL PERFIL<\/h3>\n<p>El RESPONSABLE realizar\u00e1 las siguientes actuaciones:<\/p>\n<ul>\n<li>Acceso a la informaci\u00f3n p\u00fablica del perfil<\/li>\n<li>Publicaci\u00f3n en el perfil del USUARIO de toda aquella informaci\u00f3n ya publicada en la red social del RESPONSABLE<\/li>\n<li>Enviar mensajes personales e individuales a trav\u00e9s de los canales de la red social<\/li>\n<li>Actualizaciones del estado de la p\u00e1gina que se publicar\u00e1n en el perfil del USUARIO<\/li>\n<\/ul>\n<p>El USUARIO siempre puede controlar sus conexiones, eliminar los contenidos que dejen de interesarle y restringir con qui\u00e9n comparte sus conexiones; para ello deber\u00e1 acceder a su configuraci\u00f3n de privacidad.<\/p>\n<h3>3. PUBLICACIONES<\/h3>\n<p>El USUARIO, una vez sea seguidor o se haya unido a la red social del RESPONSABLE, podr\u00e1 publicar en esta comentarios, enlaces, im\u00e1genes, fotograf\u00edas o cualquier otro tipo de contenido multimedia soportado por la misma. El USUARIO, en todos los casos, debe ser el titular del contenido publicado, gozar de los derechos de autor y de propiedad intelectual o contar con el consentimiento de los terceros afectados.<\/p>\n<p>Se proh\u00edbe expresamente cualquier publicaci\u00f3n en la red social, ya sean textos, gr\u00e1ficos, fotograf\u00edas, v\u00eddeos, etc. que atenten o sean susceptibles de atentar contra la moral, la \u00e9tica, el buen gusto o el decoro, y\/o que infrinjan, violen o quebranten los derechos de propiedad intelectual o industrial, el derecho a la imagen o la Ley.<\/p>\n<p>En estos casos, el RESPONSABLE se reserva el derecho a retirar de inmediato el contenido, sin comunicaci\u00f3n previa, pudiendo solicitar el bloqueo permanente del USUARIO.<\/p>\n<p>El RESPONSABLE no se har\u00e1 responsable de los contenidos que libremente ha publicado un USUARIO.<\/p>\n<p>El USUARIO debe tener presente que sus publicaciones ser\u00e1n conocidas por otros usuarios, por lo que \u00e9l mismo es el principal responsable de su privacidad.<\/p>\n<p>Las im\u00e1genes que puedan publicarse en la red social no ser\u00e1n almacenadas en ning\u00fan fichero por parte del RESPONSABLE, pero s\u00ed que permanecer\u00e1n en la red social.<\/p>\n<h3>4. DATOS DE MENORES DE EDAD O PERSONAS CON CAPACIDADES ESPECIALES<\/h3>\n<p>El acceso y registro a trav\u00e9s de las redes sociales del RESPONSABLE est\u00e1 prohibido a menores de 14 a\u00f1os. Por su parte, si el USUARIO tiene capacidades especiales, ser\u00e1 necesaria la intervenci\u00f3n del titular de su patria potestad o tutela, o de su representante legal mediante documento v\u00e1lido que acredite la representaci\u00f3n.<\/p>\n<p>El RESPONSABLE quedar\u00e1 expresamente exonerado de cualquier responsabilidad que pudiera derivarse del uso de las redes sociales por parte de menores o personas con capacidades especiales. Las redes sociales del RESPONSABLE no recogen conscientemente ninguna informaci\u00f3n personal de menores de edad, por ello, si el USUARIO es menor de edad, no debe registrarse, ni utilizar las redes sociales del RESPONSABLE ni tampoco proporcionar ninguna informaci\u00f3n personal.[\/vc_column_text][vc_empty_space height=\u00bb25px\u00bb css_params=\u00bb\u00bb][vc_column_text css=\u00bb\u00bb css_params=\u00bb\u00bb]<\/p>\n<h2 style=\"text-align: center;\">II. AVISO LEGAL<\/h2>\n<p><strong>Identificaci\u00f3n<\/strong><br \/>\nEn cumplimiento con el deber de informaci\u00f3n recogido en art\u00edculo 10 de la Ley 34\/2002, de 11 de julio, de Servicios de la Sociedad de la Informaci\u00f3n y del Comercio Electr\u00f3nico, MONTSERRAT ARTES CORNELLAS (CERAMICA MONTSE ARTES), le informa que los datos aqu\u00ed consignados corresponden a la entidad titular del sitio web ceramicamontseartes.cat.<\/p>\n<p><strong>Denominaci\u00f3n:<\/strong> MONTSERRAT ARTES CORNELLAS<br \/>\n<strong>Domicilio:<\/strong> CL. ANGEL GUIMERA, 2 &#8211; 08750 &#8211; MOLINS DE REI (Barcelona)<br \/>\n<strong>Tel\u00e9fono<\/strong>: 666266302<br \/>\n<strong>Email<\/strong>: montseartes@hotmail.com<br \/>\n<strong>CIF:<\/strong> 38121525Z<\/p>\n<p><strong>Propiedad intelectual e industrial<\/strong><br \/>\nTodos los derechos de Propiedad Industrial e Intelectual de la totalidad de elementos contenidos en este sitio web, incluidas las marcas comerciales, formatos, dise\u00f1os gr\u00e1ficos, textos, im\u00e1genes y documentos, pertenecen a CERAMICA MONTSE ARTES y se encuentran protegidos por las leyes espa\u00f1olas e internacionales sobre propiedad Intelectual e Industrial. Queda expresamente prohibida la reproducci\u00f3n total o parcial de este sitio Web y de cualquiera de sus contenidos sin el permiso expreso y por escrito de CERAMICA MONTSE ARTES.<\/p>\n<p>El acceso al sitio web no implica ning\u00fan tipo de renuncia, transmisi\u00f3n, licencia o cesi\u00f3n de dichos derechos por parte de CERAMICA MONTSE ARTES, salvo que se establezca expresamente lo contrario.<\/p>\n<p><strong>Condiciones de uso<\/strong><br \/>\nEl acceso a este sitio Web implica la aceptaci\u00f3n de estas condiciones de uso sin reservas que regulan el acceso y la utilizaci\u00f3n del mismo con el fin de poner a disposici\u00f3n de los usuarios informaci\u00f3n sobre nuestros productos.<\/p>\n<p>Se proh\u00edbe expresamente la utilizaci\u00f3n de los contenidos de este sitio Web para su utilizaci\u00f3n con fines comerciales o para su distribuci\u00f3n, transformaci\u00f3n o comunicaci\u00f3n.<br \/>\nCERAMICA MONTSE ARTES, no responder\u00e1 de ninguna consecuencia, da\u00f1o o perjuicio que pudieran derivarse de dicha utilizaci\u00f3n o uso de la informaci\u00f3n.<\/p>\n<p>Tanto el acceso a esta Web como el uso que pueda hacerse de la informaci\u00f3n contenida en la misma es de la exclusiva responsabilidad de quien lo realiza.<\/p>\n<p>El usuario se obliga a no utilizar la informaci\u00f3n que se publica en esta Web con fines o efectos il\u00edcitos o lesivos, a no da\u00f1ar o inutilizar la informaci\u00f3n y a no realizar cualquier otra acci\u00f3n que puedan ser contraria al contenido de este Aviso Legal.<\/p>\n<p>CERAMICA MONTSE ARTES no puede asegurar la inexistencia de interrupciones o errores en el acceso a este sitio Web, aunque pondr\u00e1 sus mayores esfuerzos para evitarlos.<\/p>\n<p><strong>Enlaces a otras webs<\/strong><br \/>\nLos enlaces (links) que puede encontrar en esta Web son un servicio a los usuarios. Estas p\u00e1ginas no son operadas ni controladas por CERAMICA MONTSE ARTES, por ello, no se hace responsable de los contenidos de esos sitios Web ni est\u00e1n cubiertas por el presente Aviso Legal. Si accede a estas p\u00e1ginas Webs deber\u00e1 tener en cuenta que sus pol\u00edticas de privacidad pueden ser diferentes a la nuestra.<\/p>\n<p><strong>Legislaci\u00f3n aplicable y competencia jurisdiccional<\/strong><br \/>\nEl presente Aviso Legal se rige por la normativa espa\u00f1ola vigente que le es de aplicaci\u00f3n.<\/p>\n<p>Para la resoluci\u00f3n de las controversias que pudieran derivarse como consecuencia de lo dispuesto en las presentes disposiciones y sobre su interpretaci\u00f3n, aplicaci\u00f3n y cumplimiento, las partes se someten al fuero correspondiente al domicilio del usuario.[\/vc_column_text][\/vc_column][\/vc_row][vc_row conditional_render=\u00bb%5B%7B%22value_role%22%3A%22administrator%22%7D%5D\u00bb][vc_column][vc_empty_space height=\u00bb50px\u00bb][\/vc_column][\/vc_row]<\/p>\n<\/div>","protected":false},"excerpt":{"rendered":"<p>[vc_row conditional_render=\u00bb%5B%7B%22value_role%22%3A%22administrator%22%7D%5D\u00bb css=\u00bb.vc_custom_1773071215939{padding-top: 120px !important;}\u00bb css_params=\u00bb\u00bb][vc_column][vc_custom_heading text=\u00bbPol\u00edtica de Privacidad y Aviso Legal\u00bb font_container=\u00bbtag:h1|font_size:3em|text_align:left|line_height:1.1em\u00bb use_theme_fonts=\u00bbyes\u00bb css=\u00bb.vc_custom_1773068180426{margin-bottom: 50px !important;border-bottom-width: 40px !important;padding-bottom: 8px !important;border-color: var(&#8211;porto-secondary-color) !important;}\u00bb css_params=\u00bb\u00bb el_class=\u00bbmlh_h1&#8243;][vc_empty_space height=\u00bb50px\u00bb][vc_column_text css=\u00bb\u00bb css_params=\u00bb\u00bb] POL\u00cdTICA DE PRIVACIDAD Y AVISO LEGAL I. POL\u00cdTICA DE PRIVACIDAD En cumplimiento del REGLAMENTO (UE) 2016\/679 DEL PARLAMENTO EUROPEO Y DEL CONSEJO de 27 de Abril de [&hellip;]<\/p>\n","protected":false},"author":1,"featured_media":0,"parent":0,"menu_order":0,"comment_status":"closed","ping_status":"closed","template":"","meta":{"_seopress_robots_primary_cat":"","_seopress_titles_title":"%%post_title%% %%sep%% %%sitetitle%%, %%tagline%%","_seopress_titles_desc":"Transparencia y seguridad en Cer\u00e1mica Montse Art\u00e9s. Conoce c\u00f3mo protegemos tus datos personales y los t\u00e9rminos legales de nuestra web.","_seopress_robots_index":"","footnotes":""},"class_list":["post-918","page","type-page","status-publish","hentry"],"_links":{"self":[{"href":"https:\/\/ceramicamontseartes.cat\/es\/wp-json\/wp\/v2\/pages\/918","targetHints":{"allow":["GET"]}}],"collection":[{"href":"https:\/\/ceramicamontseartes.cat\/es\/wp-json\/wp\/v2\/pages"}],"about":[{"href":"https:\/\/ceramicamontseartes.cat\/es\/wp-json\/wp\/v2\/types\/page"}],"author":[{"embeddable":true,"href":"https:\/\/ceramicamontseartes.cat\/es\/wp-json\/wp\/v2\/users\/1"}],"replies":[{"embeddable":true,"href":"https:\/\/ceramicamontseartes.cat\/es\/wp-json\/wp\/v2\/comments?post=918"}],"version-history":[{"count":2,"href":"https:\/\/ceramicamontseartes.cat\/es\/wp-json\/wp\/v2\/pages\/918\/revisions"}],"predecessor-version":[{"id":1062,"href":"https:\/\/ceramicamontseartes.cat\/es\/wp-json\/wp\/v2\/pages\/918\/revisions\/1062"}],"wp:attachment":[{"href":"https:\/\/ceramicamontseartes.cat\/es\/wp-json\/wp\/v2\/media?parent=918"}],"curies":[{"name":"wp","href":"https:\/\/api.w.org\/{rel}","templated":true}]}}