{"id":1012,"date":"2026-01-13T10:44:21","date_gmt":"2026-01-13T09:44:21","guid":{"rendered":"https:\/\/ceramicamontseartes.cat\/trayectoria\/"},"modified":"2026-03-05T10:11:05","modified_gmt":"2026-03-05T09:11:05","slug":"trayectoria","status":"publish","type":"page","link":"https:\/\/ceramicamontseartes.cat\/es\/trayectoria\/","title":{"rendered":"Trayectoria"},"content":{"rendered":"<div class=\"wpb-content-wrapper\"><p>[vc_section full_width=\u00bbstretch_row\u00bb css=\u00bb.vc_custom_1768811994951{padding-top: 160px !important;padding-bottom: 120px !important;}\u00bb conditional_render=\u00bb%5B%7B%22value_role%22%3A%22administrator%22%7D%5D\u00bb css_params=\u00bb\u00bb custom_css_response=\u00bb@media(max-width:767px){.vc_custom_1768385722028{padding-bottom:20px!important;}}\u00bb][vc_row][vc_column width=\u00bb1\/2&#8243; animation_type=\u00bbfadeInUp\u00bb conditional_render=\u00bb%5B%7B%22value_role%22%3A%22administrator%22%7D%5D\u00bb css_params=\u00bb\u00bb][vc_custom_heading text=\u00bbCer\u00e1mica Montse Art\u00e9s\u00bb font_container=\u00bbtag:h1|text_align:left\u00bb use_theme_fonts=\u00bbyes\u00bb css=\u00bb.vc_custom_1768556166606{margin-bottom: 10px !important;}\u00bb css_params=\u00bb\u00bb el_class=\u00bbmlh_h1&#8243;][vc_custom_heading text=\u00bbMontse Art\u00e9s Cornellas\u00bb use_theme_fonts=\u00bbyes\u00bb css=\u00bb.vc_custom_1768297803022{margin-bottom: 10px !important;}\u00bb css_params=\u00bb\u00bb][vc_custom_heading text=\u00bbMolins de Rei, 1976.\u00bb font_container=\u00bbtag:h3|text_align:left\u00bb use_theme_fonts=\u00bbyes\u00bb css=\u00bb.vc_custom_1768385597418{border-bottom-width: 40px !important;padding-bottom: 12px !important;border-bottom-style: solid !important;border-color: var(&#8211;porto-secondary-color) !important;}\u00bb css_params=\u00bb\u00bb][\/vc_column][vc_column width=\u00bb1\/2&#8243;][\/vc_column][\/vc_row][vc_row content_placement=\u00bbmiddle\u00bb css=\u00bb.vc_custom_1768464507373{margin-top: 80px !important;}\u00bb conditional_render=\u00bb%5B%7B%22value_role%22%3A%22administrator%22%7D%5D\u00bb css_params=\u00bb\u00bb][vc_column width=\u00bb1\/3&#8243; animation_delay=\u00bb200&#8243; el_class=\u00bbmlh_orden_despues\u00bb conditional_render=\u00bb%5B%7B%22value_role%22%3A%22administrator%22%7D%5D\u00bb css_params=\u00bb\u00bb animation_type=\u00bbfadeInUp\u00bb][vc_single_image image=\u00bb1011&#8243; img_size=\u00bb879&#215;1370&#8243; css=\u00bb\u00bb img_object=\u00bbcover\u00bb img_pos=\u00bbtop center\u00bb img_width=\u00bb{\u00abxl\u00ab:\u00ab100\u00ab,\u00abunit\u00ab:\u00ab%\u00ab,\u00abxs\u00ab:\u00ab\u00ab,\u00absm\u00ab:\u00ab\u00ab,\u00abmd\u00ab:\u00ab\u00ab,\u00ablg\u00ab:\u00ab\u00ab}\u00bb img_height=\u00bb{\u00abxl\u00ab:\u00ab550\u00ab,\u00abunit\u00ab:\u00ab\u00ab,\u00abxs\u00ab:\u00ab\u00ab,\u00absm\u00ab:\u00ab\u00ab,\u00abmd\u00ab:\u00ab\u00ab,\u00ablg\u00ab:\u00ab\u00ab}\u00bb css_params=\u00bb\u00bb][\/vc_column][vc_column width=\u00bb2\/3&#8243; animation_delay=\u00bb400&#8243; css=\u00bb.vc_custom_1768817051091{padding-right: 80px !important;padding-left: 80px !important;}\u00bb conditional_render=\u00bb%5B%7B%22value_role%22%3A%22administrator%22%7D%5D\u00bb css_params=\u00bb{\u00abcss_padding_right_xxl\u00ab:\u00ab50px\u00ab,\u00abcss_padding_left_xxl\u00ab:\u00ab50px\u00ab,\u00abcss_padding_right_xl\u00ab:\u00ab30px\u00ab,\u00abcss_padding_left_xl\u00ab:\u00ab30px\u00ab,\u00abcss_padding_right_lg\u00ab:\u00ab20px\u00ab,\u00abcss_padding_left_lg\u00ab:\u00ab25px\u00ab,\u00abcss_padding_right_md\u00ab:\u00ab10px\u00ab,\u00abcss_padding_bottom_md\u00ab:\u00ab40px\u00ab,\u00abcss_padding_left_md\u00ab:\u00ab10px\u00ab}\u00bb custom_css_response=\u00bb@media(max-width:porto-xxlpx){.vc_custom_1768817051091{padding-right:50px!important;padding-left:50px!important;}}@media(max-width:porto-xlpx){.vc_custom_1768817051091{padding-right:30px!important;padding-left:30px!important;}}@media(max-width:991px){.vc_custom_1768817051091{padding-right:20px!important;padding-left:25px!important;}}@media(max-width:767px){.vc_custom_1768817051091{padding-right:10px!important;padding-bottom:40px!important;padding-left:10px!important;}}\u00bb animation_type=\u00bbfadeInUp\u00bb][vc_custom_heading text=\u00bbFormaci\u00f3n\u00bb font_container=\u00bbtag:h3|font_size:1.4em|text_align:left|line_height:1.1em\u00bb use_theme_fonts=\u00bbyes\u00bb font_weight=\u00bb600&#8243; css_params=\u00bb\u00bb][vc_column_text css=\u00bb.vc_custom_1772701826449{margin-bottom: 50px !important;}\u00bb css_params=\u00bb\u00bb text_typography=\u00bb{\u00abfamily\u00ab:\u00abDefault\u00ab,\u00abvariant\u00ab:\u00abDefault\u00ab,\u00abfont_size\u00ab:\u00ab0.95em\u00ab,\u00abline_height\u00ab:\u00ab1.2em\u00ab,\u00abletter_spacing\u00ab:\u00ab\u00ab,\u00abtext_transform\u00ab:\u00ab\u00ab}\u00bb]Graduada en Artes aplicadas en la especialidad de moldes y maquetas. Escuela Llotja de Barcelona, 1998-2003<\/p>\n<p>Ciclo formativo de grado superior de Cer\u00e1mica Art\u00edstica. Escuela Llotja de Barcelona, 2005-2009.<\/p>\n<p>Formaci\u00f3n complementaria en fotocer\u00e1mica, serigraf\u00eda cer\u00e1mica, joyer\u00eda cer\u00e1mica, esmaltes, did\u00e1ctica de la cer\u00e1mica.[\/vc_column_text][vc_custom_heading text=\u00bbExperiencia docente\u00bb font_container=\u00bbtag:h3|font_size:1.4em|text_align:left|line_height:1.1em\u00bb use_theme_fonts=\u00bbyes\u00bb font_weight=\u00bb600&#8243; css_params=\u00bb\u00bb][vc_column_text css=\u00bb\u00bb css_params=\u00bb\u00bb text_typography=\u00bb{\u00abfamily\u00ab:\u00abDefault\u00ab,\u00abvariant\u00ab:\u00abDefault\u00ab,\u00abfont_size\u00ab:\u00ab0.95em\u00ab,\u00abline_height\u00ab:\u00ab1.2em\u00ab,\u00abletter_spacing\u00ab:\u00ab\u00ab,\u00abtext_transform\u00ab:\u00ab\u00ab}\u00bb]Veinte a\u00f1os como profesora de artes pl\u00e1sticas y cer\u00e1mica para ni\u00f1os, ni\u00f1as y adolescentes de entre 4 y 12 a\u00f1os en la escuela Siena Temps d&#8217;Art, de Barcelona.<\/p>\n<p>Nueve a\u00f1os como colaboradora de la ceramista Carme Malaret, en los talleres de artes pl\u00e1sticas para adultos que se imparten en la Casa de Cultura de Can Ginestar, de Sant Just Desvern.<\/p>\n<p>Talleres de cer\u00e1mica en escuelas de primaria de Molins de Rei, Pallej\u00e0, Sant Vicen\u00e7 dels Horts y Castellbisbal desde 2010.<\/p>\n<p>Con taller propio desde 2009 en Molins de Rei, desde 2016 imparto clases regulares de cer\u00e1mica a ni\u00f1os, ni\u00f1as, adolescentes y adultos.[\/vc_column_text][\/vc_column][\/vc_row][\/vc_section][vc_section full_width=\u00bbstretch_row\u00bb css=\u00bb.vc_custom_1768317115810{padding-top: 210px !important;padding-bottom: 210px !important;background: #101010 url(https:\/\/ceramicamontseartes.cat\/wp-content\/uploads\/2026\/01\/banner-taller-1.jpg?id=464) !important;background-position: center !important;background-repeat: no-repeat !important;background-size: cover !important;}\u00bb conditional_render=\u00bb%5B%7B%22value_role%22%3A%22administrator%22%7D%5D\u00bb css_params=\u00bb\u00bb el_class=\u00bbmlh_fullscreen_bg mlh_tintar_bg\u00bb][vc_row][vc_column width=\u00bb2\/3&#8243; animation_delay=\u00bb300&#8243; animation_type=\u00bbfadeInUp\u00bb conditional_render=\u00bb%5B%7B%22value_role%22%3A%22administrator%22%7D%5D\u00bb css_params=\u00bb\u00bb][vc_custom_heading text=\u00bbCeramista y profesora de artes pl\u00e1sticas.\u00bb font_container=\u00bbtag:h2|text_align:left|color:%23ffffff\u00bb use_theme_fonts=\u00bbyes\u00bb css_params=\u00bb\u00bb][vc_btn title=\u00bbVer el taller\u00bb css=\u00bb.vc_custom_1772701365650{margin-bottom: 0px !important;}\u00bb link=\u00bburl:https%3A%2F%2Fceramicamontseartes.cat%2Fes%2Ftaller%2F\u00bb css_params=\u00bb\u00bb el_class=\u00bbmlh_btn_inv\u00bb][\/vc_column][vc_column width=\u00bb1\/3&#8243;][\/vc_column][\/vc_row][\/vc_section][vc_section full_width=\u00bbstretch_row\u00bb conditional_render=\u00bb%5B%7B%22value_role%22%3A%22administrator%22%7D%5D\u00bb css_params=\u00bb\u00bb css=\u00bb.vc_custom_1768309019087{padding-top: 0px !important;}\u00bb][vc_row][vc_column]<div class=\"porto-block\" data-id=\"934\"><style>.vc_custom_1768301008791{padding-top: 30px !important;padding-bottom: 30px !important;}.vc_custom_1768559566461{margin-bottom: 4px !important;}<\/style>[vc_row gap=\"35\" content_placement=\"middle\" conditional_render=\"%5B%7B%22value_role%22%3A%22administrator%22%7D%5D\" css_params=\"\" css=\".vc_custom_1768301008791{padding-top: 30px !important;padding-bottom: 30px !important;}\"][vc_column width=\"1\/3\"][\/vc_column][vc_column width=\"1\/3\"][vc_custom_heading text=\"Montse Art\u00e9s\" font_container=\"tag:div|text_align:center|color:%230a0a0a\" use_theme_fonts=\"yes\" css=\".vc_custom_1768559566461{margin-bottom: 4px !important;}\" font_weight=\"600\" letter_spacing=\"-1px\" css_params=\"\"][vc_custom_heading text=\"666 266 302\" font_container=\"tag:div|font_size:0.9em|text_align:center|line_height:1.3em\" use_theme_fonts=\"yes\" letter_spacing=\"-1px\" css_params=\"\"][vc_custom_heading text=\"montseartes@hotmail.com\" font_container=\"tag:div|font_size:0.9em|text_align:center|line_height:1.3em\" use_theme_fonts=\"yes\" letter_spacing=\"-1px\" css_params=\"\"][vc_custom_heading text=\"Molins de Rei\" font_container=\"tag:div|font_size:0.9em|text_align:center|line_height:1.3em\" use_theme_fonts=\"yes\" letter_spacing=\"-1px\" css_params=\"\" link=\"url:https%3A%2F%2Fmaps.app.goo.gl%2Fw8ALSdvn8Ey2AQss5|target:_blank|\"][\/vc_column][vc_column width=\"1\/3\"][\/vc_column][\/vc_row]<\/div>[\/vc_column][\/vc_row][\/vc_section]<\/p>\n<\/div>","protected":false},"excerpt":{"rendered":"<p>[vc_section full_width=\u00bbstretch_row\u00bb css=\u00bb.vc_custom_1768811994951{padding-top: 160px !important;padding-bottom: 120px !important;}\u00bb conditional_render=\u00bb%5B%7B%22value_role%22%3A%22administrator%22%7D%5D\u00bb css_params=\u00bb\u00bb custom_css_response=\u00bb@media(max-width:767px){.vc_custom_1768385722028{padding-bottom:20px!important;}}\u00bb][vc_row][vc_column width=\u00bb1\/2&#8243; animation_type=\u00bbfadeInUp\u00bb conditional_render=\u00bb%5B%7B%22value_role%22%3A%22administrator%22%7D%5D\u00bb css_params=\u00bb\u00bb][vc_custom_heading text=\u00bbCer\u00e1mica Montse Art\u00e9s\u00bb font_container=\u00bbtag:h1|text_align:left\u00bb use_theme_fonts=\u00bbyes\u00bb css=\u00bb.vc_custom_1768556166606{margin-bottom: 10px !important;}\u00bb css_params=\u00bb\u00bb el_class=\u00bbmlh_h1&#8243;][vc_custom_heading text=\u00bbMontse Art\u00e9s Cornellas\u00bb use_theme_fonts=\u00bbyes\u00bb css=\u00bb.vc_custom_1768297803022{margin-bottom: 10px !important;}\u00bb css_params=\u00bb\u00bb][vc_custom_heading text=\u00bbMolins de Rei, 1976.\u00bb font_container=\u00bbtag:h3|text_align:left\u00bb use_theme_fonts=\u00bbyes\u00bb css=\u00bb.vc_custom_1768385597418{border-bottom-width: 40px !important;padding-bottom: 12px !important;border-bottom-style: solid !important;border-color: var(&#8211;porto-secondary-color) !important;}\u00bb css_params=\u00bb\u00bb][\/vc_column][vc_column width=\u00bb1\/2&#8243;][\/vc_column][\/vc_row][vc_row content_placement=\u00bbmiddle\u00bb css=\u00bb.vc_custom_1768464507373{margin-top: 80px !important;}\u00bb conditional_render=\u00bb%5B%7B%22value_role%22%3A%22administrator%22%7D%5D\u00bb css_params=\u00bb\u00bb][vc_column [&hellip;]<\/p>\n","protected":false},"author":5,"featured_media":0,"parent":0,"menu_order":0,"comment_status":"closed","ping_status":"closed","template":"","meta":{"_seopress_robots_primary_cat":"","_seopress_titles_title":"%%sitetitle%% %%sep%% %%post_title%%","_seopress_titles_desc":"Descubre la historia y formaci\u00f3n de Montse Art\u00e9s. A\u00f1os de dedicaci\u00f3n a la cer\u00e1mica artesanal y art\u00edstica con un estilo propio y \u00fanico.","_seopress_robots_index":"","footnotes":""},"class_list":["post-1012","page","type-page","status-publish","hentry"],"_links":{"self":[{"href":"https:\/\/ceramicamontseartes.cat\/es\/wp-json\/wp\/v2\/pages\/1012","targetHints":{"allow":["GET"]}}],"collection":[{"href":"https:\/\/ceramicamontseartes.cat\/es\/wp-json\/wp\/v2\/pages"}],"about":[{"href":"https:\/\/ceramicamontseartes.cat\/es\/wp-json\/wp\/v2\/types\/page"}],"author":[{"embeddable":true,"href":"https:\/\/ceramicamontseartes.cat\/es\/wp-json\/wp\/v2\/users\/5"}],"replies":[{"embeddable":true,"href":"https:\/\/ceramicamontseartes.cat\/es\/wp-json\/wp\/v2\/comments?post=1012"}],"version-history":[{"count":2,"href":"https:\/\/ceramicamontseartes.cat\/es\/wp-json\/wp\/v2\/pages\/1012\/revisions"}],"predecessor-version":[{"id":1034,"href":"https:\/\/ceramicamontseartes.cat\/es\/wp-json\/wp\/v2\/pages\/1012\/revisions\/1034"}],"wp:attachment":[{"href":"https:\/\/ceramicamontseartes.cat\/es\/wp-json\/wp\/v2\/media?parent=1012"}],"curies":[{"name":"wp","href":"https:\/\/api.w.org\/{rel}","templated":true}]}}