{"id":1003,"date":"2026-01-13T14:06:01","date_gmt":"2026-01-13T13:06:01","guid":{"rendered":"https:\/\/ceramicamontseartes.cat\/taller\/"},"modified":"2026-03-05T10:05:01","modified_gmt":"2026-03-05T09:05:01","slug":"taller","status":"publish","type":"page","link":"https:\/\/ceramicamontseartes.cat\/es\/taller\/","title":{"rendered":"Taller"},"content":{"rendered":"<div class=\"wpb-content-wrapper\"><p>[vc_section full_width=\u00bbstretch_row\u00bb css=\u00bb.vc_custom_1768385761295{padding-top: 160px !important;padding-bottom: 120px !important;}\u00bb conditional_render=\u00bb%5B%7B%22value_role%22%3A%22administrator%22%7D%5D\u00bb css_params=\u00bb\u00bb][vc_row animation_type=\u00bbfadeInUp\u00bb conditional_render=\u00bb%5B%7B%22value_role%22%3A%22administrator%22%7D%5D\u00bb css_params=\u00bb\u00bb][vc_column width=\u00bb2\/5&#8243;][vc_custom_heading text=\u00bbCer\u00e1mica Montse Art\u00e9s\u00bb font_container=\u00bbtag:h1|font_size:4em|text_align:left|line_height:1.1em\u00bb use_theme_fonts=\u00bbyes\u00bb css=\u00bb.vc_custom_1768556120798{margin-bottom: 50px !important;border-bottom-width: 40px !important;padding-bottom: 5px !important;border-bottom-style: solid !important;border-color: var(&#8211;porto-secondary-color) !important;}\u00bb css_params=\u00bb\u00bb el_class=\u00bbmlh_h1&#8243;][vc_custom_heading text=\u00bbTaller\u00bb font_container=\u00bbtag:h2|font_size:4em|text_align:left|line_height:1.1em\u00bb use_theme_fonts=\u00bbyes\u00bb css=\u00bb.vc_custom_1768384900996{margin-bottom: 50px !important;border-bottom-width: 40px !important;padding-bottom: 5px !important;border-bottom-style: solid !important;border-color: var(&#8211;porto-secondary-color) !important;}\u00bb css_params=\u00bb\u00bb][\/vc_column][vc_column width=\u00bb3\/5&#8243;][\/vc_column][\/vc_row][vc_row conditional_render=\u00bb%5B%7B%22value_role%22%3A%22administrator%22%7D%5D\u00bb css_params=\u00bb\u00bb css=\u00bb.vc_custom_1768385866455{margin-top: 60px !important;margin-bottom: 20px !important;}\u00bb][vc_column width=\u00bb1\/2&#8243; animation_delay=\u00bb200&#8243; css=\u00bb.vc_custom_1768816841840{padding-right: 80px !important;}\u00bb conditional_render=\u00bb%5B%7B%22value_role%22%3A%22administrator%22%7D%5D\u00bb css_params=\u00bb{\u00abcss_padding_right_xxl\u00ab:\u00ab50px\u00ab,\u00abcss_padding_right_xl\u00ab:\u00ab30px\u00ab,\u00abcss_padding_right_lg\u00ab:\u00ab20px\u00ab,\u00abcss_padding_right_md\u00ab:\u00ab10px\u00ab,\u00abcss_padding_left_md\u00ab:\u00ab10px\u00ab}\u00bb custom_css_response=\u00bb@media(max-width:porto-xxlpx){.vc_custom_1768816841840{padding-right:50px!important;}}@media(max-width:porto-xlpx){.vc_custom_1768816841840{padding-right:30px!important;}}@media(max-width:991px){.vc_custom_1768816841840{padding-right:20px!important;}}@media(max-width:767px){.vc_custom_1768816841840{padding-right:10px!important;padding-left:10px!important;}}\u00bb animation_type=\u00bbfadeInUp\u00bb][vc_custom_heading text=\u00bbLa contadora de cuentos\u00bb font_container=\u00bbtag:h3|font_size:1.6em|text_align:left|line_height:1.1em\u00bb use_theme_fonts=\u00bbyes\u00bb font_weight=\u00bb600&#8243; css_params=\u00bb\u00bb][vc_column_text css=\u00bb.vc_custom_1768316802469{margin-bottom: 40px !important;}\u00bb css_params=\u00bb\u00bb custom_css_response=\u00bb@media(max-width:767px){.vc_custom_1768315049097{margin-bottom:40px!important;}}\u00bb]Detr\u00e1s de cada pieza hay una historia, un hilo conductor o una sombra, una reflexi\u00f3n que da cuerpo a cada una de las piezas. Me gusta trabajar la idea, el trasfondo, tener un objetivo, algo que contar. Y me gusta que, a medida que mi trabajo avanza, este hilo se vaya modificando, vaya adquiriendo matices, sombras, perfiles, texturas, palabras, vivencias&#8230; cosas que en mis ojos y en mis manos dan unas cualidades finales a la pieza que valoro.<\/p>\n<p>Dar volumen a las palabras, a los sentimientos que me despiertan algunos sitios que he visitado y otros que me imagino. Pensar c\u00f3mo somos las personas, qu\u00e9 llevamos dentro.[\/vc_column_text][vc_btn title=\u00bbTrayectoria\u00bb css=\u00bb.vc_custom_1772701420402{porto_vc_design_option}\u00bb link=\u00bburl:https%3A%2F%2Fceramicamontseartes.cat%2Fes%2Ftrayectoria%2F\u00bb el_class=\u00bbmlh_btn\u00bb css_params=\u00bb{\u00abcss_margin_bottom_md\u00ab:\u00ab50px\u00ab}\u00bb custom_css_response=\u00bb@media(max-width:767px){.vc_custom_1772701420402{margin-bottom:50px!important;}}\u00bb][\/vc_column][vc_column width=\u00bb1\/2&#8243; animation_delay=\u00bb200&#8243; animation_type=\u00bbfadeInUp\u00bb conditional_render=\u00bb%5B%7B%22value_role%22%3A%22administrator%22%7D%5D\u00bb css_params=\u00bb\u00bb][vc_single_image image=\u00bb999&#8243; img_size=\u00bb1066&#215;1600&#8243; css=\u00bb\u00bb img_object=\u00bbcover\u00bb img_pos=\u00bbcenter center\u00bb css_params=\u00bb\u00bb img_width=\u00bb{\u00abxl\u00ab:\u00ab100\u00ab,\u00abunit\u00ab:\u00ab%\u00ab,\u00abxs\u00ab:\u00ab\u00ab,\u00absm\u00ab:\u00ab\u00ab,\u00abmd\u00ab:\u00ab\u00ab,\u00ablg\u00ab:\u00ab\u00ab}\u00bb img_height=\u00bb{\u00abxl\u00ab:\u00ab500\u00ab,\u00abunit\u00ab:\u00ab\u00ab,\u00abxs\u00ab:\u00ab\u00ab,\u00absm\u00ab:\u00ab\u00ab,\u00abmd\u00ab:\u00ab\u00ab,\u00ablg\u00ab:\u00ab\u00ab}\u00bb][\/vc_column][\/vc_row][vc_row conditional_render=\u00bb%5B%7B%22value_role%22%3A%22administrator%22%7D%5D\u00bb css_params=\u00bb\u00bb][vc_column width=\u00bb2\/3&#8243; css=\u00bb.vc_custom_1768816911451{porto_vc_design_option}\u00bb conditional_render=\u00bb%5B%7B%22value_role%22%3A%22administrator%22%7D%5D\u00bb css_params=\u00bb{\u00abcss_padding_bottom_md\u00ab:\u00ab20px\u00ab}\u00bb custom_css_response=\u00bb@media(max-width:767px){.vc_custom_1768816911451{padding-bottom:20px!important;}}\u00bb animation_type=\u00bbfadeInUp\u00bb][vc_single_image image=\u00bb1000&#8243; img_size=\u00bb1600&#215;1066&#8243; css=\u00bb\u00bb img_object=\u00bbcover\u00bb img_pos=\u00bbcenter center\u00bb css_params=\u00bb\u00bb img_width=\u00bb{\u00abxl\u00ab:\u00ab100\u00ab,\u00abunit\u00ab:\u00ab%\u00ab,\u00abxs\u00ab:\u00ab\u00ab,\u00absm\u00ab:\u00ab\u00ab,\u00abmd\u00ab:\u00ab\u00ab,\u00ablg\u00ab:\u00ab\u00ab}\u00bb img_height=\u00bb{\u00abxl\u00ab:\u00ab500\u00ab,\u00abunit\u00ab:\u00ab\u00ab,\u00abxs\u00ab:\u00ab\u00ab,\u00absm\u00ab:\u00ab\u00ab,\u00abmd\u00ab:\u00ab\u00ab,\u00ablg\u00ab:\u00ab\u00ab}\u00bb][\/vc_column][vc_column width=\u00bb1\/3&#8243; animation_delay=\u00bb200&#8243; animation_type=\u00bbfadeInUp\u00bb conditional_render=\u00bb%5B%7B%22value_role%22%3A%22administrator%22%7D%5D\u00bb css_params=\u00bb\u00bb][vc_single_image image=\u00bb1001&#8243; img_size=\u00bb1635&#215;2133&#8243; css=\u00bb\u00bb img_object=\u00bbcover\u00bb img_pos=\u00bbcenter center\u00bb css_params=\u00bb\u00bb img_width=\u00bb{\u00abxl\u00ab:\u00ab100\u00ab,\u00abunit\u00ab:\u00ab%\u00ab,\u00abxs\u00ab:\u00ab\u00ab,\u00absm\u00ab:\u00ab\u00ab,\u00abmd\u00ab:\u00ab\u00ab,\u00ablg\u00ab:\u00ab\u00ab}\u00bb img_height=\u00bb{\u00abxl\u00ab:\u00ab500\u00ab,\u00abunit\u00ab:\u00ab\u00ab,\u00abxs\u00ab:\u00ab\u00ab,\u00absm\u00ab:\u00ab\u00ab,\u00abmd\u00ab:\u00ab\u00ab,\u00ablg\u00ab:\u00ab\u00ab}\u00bb][\/vc_column][\/vc_row][\/vc_section][vc_section full_width=\u00bbstretch_row\u00bb el_class=\u00bbmlh_fullscreen_bg\u00bb css=\u00bb.vc_custom_1768316357867{padding-top: 260px !important;padding-bottom: 260px !important;background: #101010 url(https:\/\/ceramicamontseartes.cat\/wp-content\/uploads\/2026\/01\/banner-taller-2.jpg?id=498) !important;background-position: center !important;background-repeat: no-repeat !important;background-size: cover !important;}\u00bb conditional_render=\u00bb%5B%7B%22value_role%22%3A%22administrator%22%7D%5D\u00bb css_params=\u00bb\u00bb][vc_row][vc_column][\/vc_column][\/vc_row][\/vc_section][vc_section full_width=\u00bbstretch_row\u00bb css=\u00bb.vc_custom_1771931379681{padding-top: 120px !important;padding-bottom: 50px !important;}\u00bb conditional_render=\u00bb%5B%7B%22value_role%22%3A%22administrator%22%7D%5D\u00bb css_params=\u00bb\u00bb el_id=\u00bbespaiceramic37&#8243;][vc_row conditional_render=\u00bb%5B%7B%22value_role%22%3A%22administrator%22%7D%5D\u00bb css_params=\u00bb\u00bb][vc_column width=\u00bb1\/2&#8243; animation_delay=\u00bb200&#8243; css=\u00bb.vc_custom_1768816841840{padding-right: 80px !important;}\u00bb conditional_render=\u00bb%5B%7B%22value_role%22%3A%22administrator%22%7D%5D\u00bb css_params=\u00bb{\u00abcss_padding_right_xxl\u00ab:\u00ab50px\u00ab,\u00abcss_padding_right_xl\u00ab:\u00ab30px\u00ab,\u00abcss_padding_right_lg\u00ab:\u00ab20px\u00ab,\u00abcss_padding_right_md\u00ab:\u00ab10px\u00ab,\u00abcss_padding_left_md\u00ab:\u00ab10px\u00ab}\u00bb custom_css_response=\u00bb@media(max-width:porto-xxlpx){.vc_custom_1768816841840{padding-right:50px!important;}}@media(max-width:porto-xlpx){.vc_custom_1768816841840{padding-right:30px!important;}}@media(max-width:991px){.vc_custom_1768816841840{padding-right:20px!important;}}@media(max-width:767px){.vc_custom_1768816841840{padding-right:10px!important;padding-left:10px!important;}}\u00bb animation_type=\u00bbfadeInUp\u00bb][vc_custom_heading text=\u00bbEspai Cer\u00e0mic 37&#8243; use_theme_fonts=\u00bbyes\u00bb css=\u00bb.vc_custom_1772701443264{margin-bottom: 50px !important;border-bottom-width: 40px !important;padding-bottom: 8px !important;border-color: var(&#8211;porto-secondary-color) !important;}\u00bb font_weight=\u00bb600&#8243; css_params=\u00bb\u00bb][vc_column_text css=\u00bb.vc_custom_1771932407548{margin-bottom: 40px !important;}\u00bb css_params=\u00bb\u00bb custom_css_response=\u00bb@media(max-width:767px){.vc_custom_1768315049097{margin-bottom:40px!important;}}\u00bb]Desde 2016, mi taller privado de cer\u00e1mica se ha convertido en un espacio en el que imparto clases de cer\u00e1mica a todas aquellas personas mayores y peque\u00f1as que tienen ganas de aprender las diferentes t\u00e9cnicas relacionadas con la cer\u00e1mica y quieren tener un contacto real con el volumen y el barro.<\/p>\n<p>A trav\u00e9s de diferentes propuestas voy adentrando a los alumnos por el fant\u00e1stico camino de la cer\u00e1mica, ya sea m\u00e1s art\u00edstica o m\u00e1s funcional. Con grupos reducidos y clases regulares terminamos estableciendo di\u00e1logos entre las diferentes formas, materiales, t\u00e9cnicas y hornadas. De esta forma, el alumnado es libre de decidir el proyecto al que quiere destinar su tiempo y energ\u00edas, y desde mi experiencia les acompa\u00f1o en este aprendizaje.[\/vc_column_text][vc_btn title=\u00bbIr a Espai Cer\u00e0mic 37&#8243; css=\u00bb.vc_custom_1772701461897{porto_vc_design_option}\u00bb link=\u00bburl:https%3A%2F%2Fwww.instagram.com%2Fespaiceramic37%2F|target:_blank|\u00bb el_class=\u00bbmlh_btn\u00bb css_params=\u00bb{\u00abcss_margin_bottom_md\u00ab:\u00ab50px\u00ab}\u00bb custom_css_response=\u00bb@media(max-width:767px){.vc_custom_1772701461897{margin-bottom:50px!important;}}\u00bb][\/vc_column][vc_column width=\u00bb1\/2&#8243; animation_delay=\u00bb200&#8243; animation_type=\u00bbfadeInUp\u00bb conditional_render=\u00bb%5B%7B%22value_role%22%3A%22administrator%22%7D%5D\u00bb css_params=\u00bb\u00bb][vc_single_image image=\u00bb1002&#8243; img_size=\u00bb1080&#215;1080&#8243; css=\u00bb\u00bb img_object=\u00bbcover\u00bb img_pos=\u00bbcenter center\u00bb css_params=\u00bb\u00bb img_width=\u00bb{\u00abxl\u00ab:\u00ab100\u00ab,\u00abunit\u00ab:\u00ab%\u00ab,\u00abxs\u00ab:\u00ab\u00ab,\u00absm\u00ab:\u00ab\u00ab,\u00abmd\u00ab:\u00ab\u00ab,\u00ablg\u00ab:\u00ab\u00ab}\u00bb img_height=\u00bb{\u00abxl\u00ab:\u00ab570\u00ab,\u00abunit\u00ab:\u00ab\u00ab,\u00abxs\u00ab:\u00ab\u00ab,\u00absm\u00ab:\u00ab\u00ab,\u00abmd\u00ab:\u00ab\u00ab,\u00ablg\u00ab:\u00ab\u00ab}\u00bb][\/vc_column][\/vc_row][\/vc_section][vc_section full_width=\u00bbstretch_row\u00bb css=\u00bb.vc_custom_1768309680431{padding-top: 0px !important;}\u00bb conditional_render=\u00bb%5B%7B%22value_role%22%3A%22administrator%22%7D%5D\u00bb css_params=\u00bb\u00bb][vc_row][vc_column]<div class=\"porto-block\" data-id=\"934\"><style>.vc_custom_1768301008791{padding-top: 30px !important;padding-bottom: 30px !important;}.vc_custom_1768559566461{margin-bottom: 4px !important;}<\/style>[vc_row gap=\"35\" content_placement=\"middle\" conditional_render=\"%5B%7B%22value_role%22%3A%22administrator%22%7D%5D\" css_params=\"\" css=\".vc_custom_1768301008791{padding-top: 30px !important;padding-bottom: 30px !important;}\"][vc_column width=\"1\/3\"][\/vc_column][vc_column width=\"1\/3\"][vc_custom_heading text=\"Montse Art\u00e9s\" font_container=\"tag:div|text_align:center|color:%230a0a0a\" use_theme_fonts=\"yes\" css=\".vc_custom_1768559566461{margin-bottom: 4px !important;}\" font_weight=\"600\" letter_spacing=\"-1px\" css_params=\"\"][vc_custom_heading text=\"666 266 302\" font_container=\"tag:div|font_size:0.9em|text_align:center|line_height:1.3em\" use_theme_fonts=\"yes\" letter_spacing=\"-1px\" css_params=\"\"][vc_custom_heading text=\"montseartes@hotmail.com\" font_container=\"tag:div|font_size:0.9em|text_align:center|line_height:1.3em\" use_theme_fonts=\"yes\" letter_spacing=\"-1px\" css_params=\"\"][vc_custom_heading text=\"Molins de Rei\" font_container=\"tag:div|font_size:0.9em|text_align:center|line_height:1.3em\" use_theme_fonts=\"yes\" letter_spacing=\"-1px\" css_params=\"\" link=\"url:https%3A%2F%2Fmaps.app.goo.gl%2Fw8ALSdvn8Ey2AQss5|target:_blank|\"][\/vc_column][vc_column width=\"1\/3\"][\/vc_column][\/vc_row]<\/div>[\/vc_column][\/vc_row][\/vc_section]<\/p>\n<\/div>","protected":false},"excerpt":{"rendered":"<p>[vc_section full_width=\u00bbstretch_row\u00bb css=\u00bb.vc_custom_1768385761295{padding-top: 160px !important;padding-bottom: 120px !important;}\u00bb conditional_render=\u00bb%5B%7B%22value_role%22%3A%22administrator%22%7D%5D\u00bb css_params=\u00bb\u00bb][vc_row animation_type=\u00bbfadeInUp\u00bb conditional_render=\u00bb%5B%7B%22value_role%22%3A%22administrator%22%7D%5D\u00bb css_params=\u00bb\u00bb][vc_column width=\u00bb2\/5&#8243;][vc_custom_heading text=\u00bbCer\u00e1mica Montse Art\u00e9s\u00bb font_container=\u00bbtag:h1|font_size:4em|text_align:left|line_height:1.1em\u00bb use_theme_fonts=\u00bbyes\u00bb css=\u00bb.vc_custom_1768556120798{margin-bottom: 50px !important;border-bottom-width: 40px !important;padding-bottom: 5px !important;border-bottom-style: solid !important;border-color: var(&#8211;porto-secondary-color) !important;}\u00bb css_params=\u00bb\u00bb el_class=\u00bbmlh_h1&#8243;][vc_custom_heading text=\u00bbTaller\u00bb font_container=\u00bbtag:h2|font_size:4em|text_align:left|line_height:1.1em\u00bb use_theme_fonts=\u00bbyes\u00bb css=\u00bb.vc_custom_1768384900996{margin-bottom: 50px !important;border-bottom-width: 40px !important;padding-bottom: 5px !important;border-bottom-style: solid !important;border-color: var(&#8211;porto-secondary-color) !important;}\u00bb css_params=\u00bb\u00bb][\/vc_column][vc_column width=\u00bb3\/5&#8243;][\/vc_column][\/vc_row][vc_row conditional_render=\u00bb%5B%7B%22value_role%22%3A%22administrator%22%7D%5D\u00bb css_params=\u00bb\u00bb css=\u00bb.vc_custom_1768385866455{margin-top: 60px !important;margin-bottom: 20px !important;}\u00bb][vc_column width=\u00bb1\/2&#8243; [&hellip;]<\/p>\n","protected":false},"author":5,"featured_media":0,"parent":0,"menu_order":0,"comment_status":"closed","ping_status":"closed","template":"","meta":{"_seopress_robots_primary_cat":"","_seopress_titles_title":"%%sitetitle%% %%sep%% %%post_title%%","_seopress_titles_desc":"Taller de cer\u00e0mica a mans de Montse Art\u00e9s. Descobreix on neixen les peces \u00faniques i vine a crear amb nosaltres. Visita el nostre espai!","_seopress_robots_index":"","footnotes":""},"class_list":["post-1003","page","type-page","status-publish","hentry"],"_links":{"self":[{"href":"https:\/\/ceramicamontseartes.cat\/es\/wp-json\/wp\/v2\/pages\/1003","targetHints":{"allow":["GET"]}}],"collection":[{"href":"https:\/\/ceramicamontseartes.cat\/es\/wp-json\/wp\/v2\/pages"}],"about":[{"href":"https:\/\/ceramicamontseartes.cat\/es\/wp-json\/wp\/v2\/types\/page"}],"author":[{"embeddable":true,"href":"https:\/\/ceramicamontseartes.cat\/es\/wp-json\/wp\/v2\/users\/5"}],"replies":[{"embeddable":true,"href":"https:\/\/ceramicamontseartes.cat\/es\/wp-json\/wp\/v2\/comments?post=1003"}],"version-history":[{"count":2,"href":"https:\/\/ceramicamontseartes.cat\/es\/wp-json\/wp\/v2\/pages\/1003\/revisions"}],"predecessor-version":[{"id":1031,"href":"https:\/\/ceramicamontseartes.cat\/es\/wp-json\/wp\/v2\/pages\/1003\/revisions\/1031"}],"wp:attachment":[{"href":"https:\/\/ceramicamontseartes.cat\/es\/wp-json\/wp\/v2\/media?parent=1003"}],"curies":[{"name":"wp","href":"https:\/\/api.w.org\/{rel}","templated":true}]}}